{"id":1135,"date":"2025-07-15T09:51:42","date_gmt":"2025-07-15T09:51:42","guid":{"rendered":"https:\/\/korvo.co\/creators-lab\/?page_id=1135"},"modified":"2025-09-25T16:00:21","modified_gmt":"2025-09-25T16:00:21","slug":"online-egitim-gelir-artirma-rehberi","status":"publish","type":"page","link":"https:\/\/korvo.co\/creators-lab\/online-egitim-gelir-artirma-rehberi\/","title":{"rendered":"Gate &#8211; Online e\u011fitim verenler i\u00e7in gelir art\u0131rma rehberi"},"content":{"rendered":"\t\t<div data-elementor-type=\"wp-page\" data-elementor-id=\"1135\" class=\"elementor elementor-1135\" data-elementor-post-type=\"page\">\n\t\t\t\t<div class=\"elementor-element elementor-element-d3020b6 e-flex e-con-boxed e-con e-parent\" data-id=\"d3020b6\" data-element_type=\"container\" data-e-type=\"container\">\n\t\t\t\t\t<div class=\"e-con-inner\">\n\t\t<div class=\"elementor-element elementor-element-98e913d e-con-full e-flex e-con e-child\" data-id=\"98e913d\" data-element_type=\"container\" data-e-type=\"container\">\n\t\t\t\t<div class=\"elementor-element elementor-element-961f42e elementor-widget__width-initial elementor-widget elementor-widget-image\" data-id=\"961f42e\" data-element_type=\"widget\" data-e-type=\"widget\" data-widget_type=\"image.default\">\n\t\t\t\t<div class=\"elementor-widget-container\">\n\t\t\t\t\t\t\t\t\t\t\t\t\t\t\t<img fetchpriority=\"high\" decoding=\"async\" width=\"800\" height=\"894\" src=\"https:\/\/korvo.co\/creators-lab\/wp-content\/uploads\/2025\/09\/Instagram-story-4-3-916x1024.png\" class=\"attachment-large size-large wp-image-1419\" alt=\"\" srcset=\"https:\/\/korvo.co\/creators-lab\/wp-content\/uploads\/2025\/09\/Instagram-story-4-3-916x1024.png 916w, https:\/\/korvo.co\/creators-lab\/wp-content\/uploads\/2025\/09\/Instagram-story-4-3-268x300.png 268w, https:\/\/korvo.co\/creators-lab\/wp-content\/uploads\/2025\/09\/Instagram-story-4-3-768x858.png 768w, https:\/\/korvo.co\/creators-lab\/wp-content\/uploads\/2025\/09\/Instagram-story-4-3-1374x1536.png 1374w, https:\/\/korvo.co\/creators-lab\/wp-content\/uploads\/2025\/09\/Instagram-story-4-3-1833x2048.png 1833w\" sizes=\"(max-width: 800px) 100vw, 800px\" \/>\t\t\t\t\t\t\t\t\t\t\t\t\t\t\t<\/div>\n\t\t\t\t<\/div>\n\t\t\t\t<\/div>\n\t\t<div class=\"elementor-element elementor-element-f250cd7 e-con-full e-flex e-con e-child\" data-id=\"f250cd7\" data-element_type=\"container\" data-e-type=\"container\">\n\t\t\t\t<div class=\"elementor-element elementor-element-db3d073 elementor-widget elementor-widget-convertkit-elementor-form\" data-id=\"db3d073\" data-element_type=\"widget\" data-e-type=\"widget\" data-widget_type=\"convertkit-elementor-form.default\">\n\t\t\t\t<div class=\"elementor-widget-container\">\n\t\t\t\t\t<div class=\"convertkit-form wp-block-convertkit-form\" style=\"\"><script async data-uid=\"e1693dabc2\" src=\"https:\/\/korvo.kit.com\/e1693dabc2\/index.js\" data-jetpack-boost=\"ignore\" data-no-defer=\"1\" nowprocket><\/script><\/div>\t\t\t\t<\/div>\n\t\t\t\t<\/div>\n\t\t\t\t<\/div>\n\t\t\t\t\t<\/div>\n\t\t\t\t<\/div>\n\t\t<div class=\"elementor-element elementor-element-a17104d e-flex e-con-boxed e-con e-parent\" data-id=\"a17104d\" data-element_type=\"container\" data-e-type=\"container\" data-settings=\"{&quot;background_background&quot;:&quot;classic&quot;}\">\n\t\t\t\t\t<div class=\"e-con-inner\">\n\t\t<div class=\"elementor-element elementor-element-5d52892 e-con-full e-flex e-con e-child\" data-id=\"5d52892\" data-element_type=\"container\" data-e-type=\"container\">\n\t\t\t\t<div class=\"elementor-element elementor-element-8890aac elementor-view-default elementor-widget elementor-widget-icon\" data-id=\"8890aac\" data-element_type=\"widget\" data-e-type=\"widget\" data-widget_type=\"icon.default\">\n\t\t\t\t<div class=\"elementor-widget-container\">\n\t\t\t\t\t\t\t<div class=\"elementor-icon-wrapper\">\n\t\t\t<div class=\"elementor-icon\">\n\t\t\t<svg xmlns=\"http:\/\/www.w3.org\/2000\/svg\" width=\"29\" height=\"29\" viewBox=\"0 0 29 29\" fill=\"none\"><path d=\"M14.9981 0.956115C14.9753 0.697981 14.7591 0.5 14.5 0.5C14.2409 0.5 14.0247 0.697981 14.0019 0.956115C13.6971 4.41596 13.3564 7.64575 11.6656 10.0335C10.0122 12.3685 6.978 14 1 14C0.723858 14 0.5 14.2239 0.5 14.5C0.5 14.7761 0.723858 15 1 15C6.978 15 10.0122 16.6315 11.6656 18.9665C13.3564 21.3543 13.6971 24.584 14.0019 28.0439C14.0247 28.302 14.2409 28.5 14.5 28.5C14.7591 28.5 14.9753 28.302 14.9981 28.0439C15.3029 24.584 15.6436 21.3543 17.3344 18.9665C18.9878 16.6315 22.022 15 28 15C28.2761 15 28.5 14.7761 28.5 14.5C28.5 14.2239 28.2761 14 28 14C22.022 14 18.9878 12.3685 17.3344 10.0335C15.6436 7.64575 15.3029 4.41596 14.9981 0.956115Z\" fill=\"#FFDB20\" stroke=\"#FFDB20\" stroke-linejoin=\"round\"><\/path><\/svg>\t\t\t<\/div>\n\t\t<\/div>\n\t\t\t\t\t\t<\/div>\n\t\t\t\t<\/div>\n\t\t\t\t<div class=\"elementor-element elementor-element-0c11e75 elementor-widget elementor-widget-heading\" data-id=\"0c11e75\" data-element_type=\"widget\" data-e-type=\"widget\" data-widget_type=\"heading.default\">\n\t\t\t\t<div class=\"elementor-widget-container\">\n\t\t\t\t\t<h2 id=\"icerik-turlerini-dogru-secin-etkiyi-katlayin\" class=\"elementor-heading-title elementor-size-default\">\u0130\u00e7erik t\u00fcrlerini do\u011fru se\u00e7in, etkiyi katlay\u0131n<\/h2>\t\t\t\t<\/div>\n\t\t\t\t<\/div>\n\t\t\t\t<div class=\"elementor-element elementor-element-f32c650 elementor-widget elementor-widget-text-editor\" data-id=\"f32c650\" data-element_type=\"widget\" data-e-type=\"widget\" data-widget_type=\"text-editor.default\">\n\t\t\t\t<div class=\"elementor-widget-container\">\n\t\t\t\t\t\t\t\t\t<p>Webinar, rehber, dan\u0131\u015fmanl\u0131k ya da kurs\u2026 Hangi format kime hitap eder, nas\u0131l sunulursa daha \u00e7ok d\u00f6n\u00fc\u015f\u00fcm al\u0131r? Farkl\u0131 formatlarla kitlenizi nas\u0131l b\u00fcy\u00fctebilece\u011finizi ad\u0131m ad\u0131m okuyun.<\/p>\t\t\t\t\t\t\t\t<\/div>\n\t\t\t\t<\/div>\n\t\t\t\t<\/div>\n\t\t<div class=\"elementor-element elementor-element-67072b3 e-con-full e-flex e-con e-child\" data-id=\"67072b3\" data-element_type=\"container\" data-e-type=\"container\">\n\t\t\t\t<div class=\"elementor-element elementor-element-67284c8 elementor-view-default elementor-widget elementor-widget-icon\" data-id=\"67284c8\" data-element_type=\"widget\" data-e-type=\"widget\" data-widget_type=\"icon.default\">\n\t\t\t\t<div class=\"elementor-widget-container\">\n\t\t\t\t\t\t\t<div class=\"elementor-icon-wrapper\">\n\t\t\t<div class=\"elementor-icon\">\n\t\t\t<svg xmlns=\"http:\/\/www.w3.org\/2000\/svg\" width=\"29\" height=\"29\" viewBox=\"0 0 29 29\" fill=\"none\"><path d=\"M14.9981 0.956115C14.9753 0.697981 14.7591 0.5 14.5 0.5C14.2409 0.5 14.0247 0.697981 14.0019 0.956115C13.6971 4.41596 13.3564 7.64575 11.6656 10.0335C10.0122 12.3685 6.978 14 1 14C0.723858 14 0.5 14.2239 0.5 14.5C0.5 14.7761 0.723858 15 1 15C6.978 15 10.0122 16.6315 11.6656 18.9665C13.3564 21.3543 13.6971 24.584 14.0019 28.0439C14.0247 28.302 14.2409 28.5 14.5 28.5C14.7591 28.5 14.9753 28.302 14.9981 28.0439C15.3029 24.584 15.6436 21.3543 17.3344 18.9665C18.9878 16.6315 22.022 15 28 15C28.2761 15 28.5 14.7761 28.5 14.5C28.5 14.2239 28.2761 14 28 14C22.022 14 18.9878 12.3685 17.3344 10.0335C15.6436 7.64575 15.3029 4.41596 14.9981 0.956115Z\" fill=\"#FFDB20\" stroke=\"#FFDB20\" stroke-linejoin=\"round\"><\/path><\/svg>\t\t\t<\/div>\n\t\t<\/div>\n\t\t\t\t\t\t<\/div>\n\t\t\t\t<\/div>\n\t\t\t\t<div class=\"elementor-element elementor-element-2837540 elementor-widget elementor-widget-heading\" data-id=\"2837540\" data-element_type=\"widget\" data-e-type=\"widget\" data-widget_type=\"heading.default\">\n\t\t\t\t<div class=\"elementor-widget-container\">\n\t\t\t\t\t<h2 id=\"uygun-fiyat-modeliyle-surdurulebilir-kazanc-saglayin\" class=\"elementor-heading-title elementor-size-default\">Uygun fiyat modeliyle s\u00fcrd\u00fcr\u00fclebilir kazan\u00e7 sa\u011flay\u0131n<\/h2>\t\t\t\t<\/div>\n\t\t\t\t<\/div>\n\t\t\t\t<div class=\"elementor-element elementor-element-8f7ef22 elementor-widget elementor-widget-text-editor\" data-id=\"8f7ef22\" data-element_type=\"widget\" data-e-type=\"widget\" data-widget_type=\"text-editor.default\">\n\t\t\t\t<div class=\"elementor-widget-container\">\n\t\t\t\t\t\t\t\t\t<p>Tek \u00fcr\u00fcnle s\u0131n\u0131rl\u0131 kalmay\u0131n. \u00dccretsiz giri\u015f noktalar\u0131ndan \u00fcst segment tekliflere kadar, gelirinizi farkl\u0131 kitlelere a\u00e7\u0131lacak \u015fekilde nas\u0131l dengeleyebilece\u011finizi ke\u015ffedin.<\/p>\t\t\t\t\t\t\t\t<\/div>\n\t\t\t\t<\/div>\n\t\t\t\t<\/div>\n\t\t<div class=\"elementor-element elementor-element-9686040 e-con-full e-flex e-con e-child\" data-id=\"9686040\" data-element_type=\"container\" data-e-type=\"container\">\n\t\t\t\t<div class=\"elementor-element elementor-element-9db97e4 elementor-view-default elementor-widget elementor-widget-icon\" data-id=\"9db97e4\" data-element_type=\"widget\" data-e-type=\"widget\" data-widget_type=\"icon.default\">\n\t\t\t\t<div class=\"elementor-widget-container\">\n\t\t\t\t\t\t\t<div class=\"elementor-icon-wrapper\">\n\t\t\t<div class=\"elementor-icon\">\n\t\t\t<svg xmlns=\"http:\/\/www.w3.org\/2000\/svg\" width=\"29\" height=\"29\" viewBox=\"0 0 29 29\" fill=\"none\"><path d=\"M14.9981 0.956115C14.9753 0.697981 14.7591 0.5 14.5 0.5C14.2409 0.5 14.0247 0.697981 14.0019 0.956115C13.6971 4.41596 13.3564 7.64575 11.6656 10.0335C10.0122 12.3685 6.978 14 1 14C0.723858 14 0.5 14.2239 0.5 14.5C0.5 14.7761 0.723858 15 1 15C6.978 15 10.0122 16.6315 11.6656 18.9665C13.3564 21.3543 13.6971 24.584 14.0019 28.0439C14.0247 28.302 14.2409 28.5 14.5 28.5C14.7591 28.5 14.9753 28.302 14.9981 28.0439C15.3029 24.584 15.6436 21.3543 17.3344 18.9665C18.9878 16.6315 22.022 15 28 15C28.2761 15 28.5 14.7761 28.5 14.5C28.5 14.2239 28.2761 14 28 14C22.022 14 18.9878 12.3685 17.3344 10.0335C15.6436 7.64575 15.3029 4.41596 14.9981 0.956115Z\" fill=\"#FFDB20\" stroke=\"#FFDB20\" stroke-linejoin=\"round\"><\/path><\/svg>\t\t\t<\/div>\n\t\t<\/div>\n\t\t\t\t\t\t<\/div>\n\t\t\t\t<\/div>\n\t\t\t\t<div class=\"elementor-element elementor-element-8e054e0 elementor-widget elementor-widget-heading\" data-id=\"8e054e0\" data-element_type=\"widget\" data-e-type=\"widget\" data-widget_type=\"heading.default\">\n\t\t\t\t<div class=\"elementor-widget-container\">\n\t\t\t\t\t<h2 id=\"dogru-kanal-karisimiyla-gorunurlugu-artirin\" class=\"elementor-heading-title elementor-size-default\">Do\u011fru kanal kar\u0131\u015f\u0131m\u0131yla g\u00f6r\u00fcn\u00fcrl\u00fc\u011f\u00fc art\u0131r\u0131n<\/h2>\t\t\t\t<\/div>\n\t\t\t\t<\/div>\n\t\t\t\t<div class=\"elementor-element elementor-element-afb3876 elementor-widget elementor-widget-text-editor\" data-id=\"afb3876\" data-element_type=\"widget\" data-e-type=\"widget\" data-widget_type=\"text-editor.default\">\n\t\t\t\t<div class=\"elementor-widget-container\">\n\t\t\t\t\t\t\t\t\t<p>Sosyal medya m\u0131, emailler mi, otomatik hat\u0131rlatmalar m\u0131? \u0130lk duyurudan e\u011fitiminize kadar ge\u00e7en s\u00fcreci nas\u0131l planlayaca\u011f\u0131n\u0131z\u0131 ve kay\u0131tlar\u0131n\u0131z\u0131 nas\u0131l katlayaca\u011f\u0131n\u0131z\u0131 \u00f6\u011frenin.<\/p>\t\t\t\t\t\t\t\t<\/div>\n\t\t\t\t<\/div>\n\t\t\t\t<\/div>\n\t\t\t\t\t<\/div>\n\t\t\t\t<\/div>\n\t\t\t\t<\/div>\n\t\t","protected":false},"excerpt":{"rendered":"<p>\u0130\u00e7erik t\u00fcrlerini do\u011fru se\u00e7in, etkiyi katlay\u0131n Webinar, rehber, dan\u0131\u015fmanl\u0131k ya da kurs\u2026 Hangi format kime hitap eder, nas\u0131l sunulursa daha \u00e7ok d\u00f6n\u00fc\u015f\u00fcm al\u0131r? Farkl\u0131 formatlarla kitlenizi nas\u0131l b\u00fcy\u00fctebilece\u011finizi ad\u0131m ad\u0131m okuyun. Uygun fiyat modeliyle s\u00fcrd\u00fcr\u00fclebilir kazan\u00e7 sa\u011flay\u0131n Tek \u00fcr\u00fcnle s\u0131n\u0131rl\u0131 kalmay\u0131n. \u00dccretsiz giri\u015f noktalar\u0131ndan \u00fcst segment tekliflere kadar, gelirinizi farkl\u0131 kitlelere a\u00e7\u0131lacak \u015fekilde nas\u0131l dengeleyebilece\u011finizi [&hellip;]<\/p>\n","protected":false},"author":4,"featured_media":0,"parent":0,"menu_order":0,"comment_status":"closed","ping_status":"closed","template":"","meta":{"_acf_changed":false,"_angie_page":false,"_wp_convertkit_post_meta":{"form":"-1","landing_page":"0","tag":"0","restrict_content":"0"},"footnotes":""},"folder":[108],"class_list":["post-1135","page","type-page","status-publish","hentry"],"acf":[],"_links":{"self":[{"href":"https:\/\/korvo.co\/creators-lab\/wp-json\/wp\/v2\/pages\/1135","targetHints":{"allow":["GET"]}}],"collection":[{"href":"https:\/\/korvo.co\/creators-lab\/wp-json\/wp\/v2\/pages"}],"about":[{"href":"https:\/\/korvo.co\/creators-lab\/wp-json\/wp\/v2\/types\/page"}],"author":[{"embeddable":true,"href":"https:\/\/korvo.co\/creators-lab\/wp-json\/wp\/v2\/users\/4"}],"replies":[{"embeddable":true,"href":"https:\/\/korvo.co\/creators-lab\/wp-json\/wp\/v2\/comments?post=1135"}],"version-history":[{"count":59,"href":"https:\/\/korvo.co\/creators-lab\/wp-json\/wp\/v2\/pages\/1135\/revisions"}],"predecessor-version":[{"id":1422,"href":"https:\/\/korvo.co\/creators-lab\/wp-json\/wp\/v2\/pages\/1135\/revisions\/1422"}],"wp:attachment":[{"href":"https:\/\/korvo.co\/creators-lab\/wp-json\/wp\/v2\/media?parent=1135"}],"wp:term":[{"taxonomy":"folder","embeddable":true,"href":"https:\/\/korvo.co\/creators-lab\/wp-json\/wp\/v2\/folder?post=1135"}],"curies":[{"name":"wp","href":"https:\/\/api.w.org\/{rel}","templated":true}]}}