{"id":1014,"date":"2024-11-12T17:33:38","date_gmt":"2024-11-12T17:33:38","guid":{"rendered":"https:\/\/korvo.co\/creators-lab\/?page_id=1014"},"modified":"2025-10-19T18:41:57","modified_gmt":"2025-10-19T18:41:57","slug":"ebook-main-page","status":"publish","type":"page","link":"https:\/\/korvo.co\/creators-lab\/ebook-main-page\/","title":{"rendered":"Ebook Main Page"},"content":{"rendered":"\t\t<div data-elementor-type=\"wp-page\" data-elementor-id=\"1014\" class=\"elementor elementor-1014\" data-elementor-post-type=\"page\">\n\t\t\t\t<div class=\"elementor-element elementor-element-d2887ae e-flex e-con-boxed e-con e-parent\" data-id=\"d2887ae\" data-element_type=\"container\" data-e-type=\"container\">\n\t\t\t\t\t<div class=\"e-con-inner\">\n\t\t\t\t<div class=\"elementor-element elementor-element-9bcf57f elementor-widget elementor-widget-heading\" data-id=\"9bcf57f\" data-element_type=\"widget\" data-e-type=\"widget\" data-widget_type=\"heading.default\">\n\t\t\t\t<div class=\"elementor-widget-container\">\n\t\t\t\t\t<h2 id=\"ucretsiz-rehberler\" class=\"elementor-heading-title elementor-size-default\">\u00dccretsiz rehberler<\/h2>\t\t\t\t<\/div>\n\t\t\t\t<\/div>\n\t\t\t\t\t<\/div>\n\t\t\t\t<\/div>\n\t\t<div class=\"elementor-element elementor-element-300e349 e-grid e-con-boxed e-con e-parent\" data-id=\"300e349\" data-element_type=\"container\" data-e-type=\"container\">\n\t\t\t\t\t<div class=\"e-con-inner\">\n\t\t<div class=\"elementor-element elementor-element-a78b7ad e-con-full e-flex e-con e-child\" data-id=\"a78b7ad\" data-element_type=\"container\" data-e-type=\"container\">\n\t\t\t\t<div class=\"elementor-element elementor-element-af4b419 elementor-widget elementor-widget-image\" data-id=\"af4b419\" data-element_type=\"widget\" data-e-type=\"widget\" data-widget_type=\"image.default\">\n\t\t\t\t<div class=\"elementor-widget-container\">\n\t\t\t\t\t\t\t\t\t\t\t\t\t\t\t\t<a href=\"https:\/\/korvo.co\/creators-lab\/ebook-icerik-pazarlamasi-tuneli\/\">\n\t\t\t\t\t\t\t<img fetchpriority=\"high\" decoding=\"async\" width=\"800\" height=\"800\" src=\"https:\/\/korvo.co\/creators-lab\/wp-content\/uploads\/2024\/11\/Frame-163020-1-1-1024x1024.png\" class=\"attachment-large size-large wp-image-1028\" alt=\"\" srcset=\"https:\/\/korvo.co\/creators-lab\/wp-content\/uploads\/2024\/11\/Frame-163020-1-1-1024x1024.png 1024w, https:\/\/korvo.co\/creators-lab\/wp-content\/uploads\/2024\/11\/Frame-163020-1-1-300x300.png 300w, https:\/\/korvo.co\/creators-lab\/wp-content\/uploads\/2024\/11\/Frame-163020-1-1-150x150.png 150w, https:\/\/korvo.co\/creators-lab\/wp-content\/uploads\/2024\/11\/Frame-163020-1-1-768x768.png 768w, https:\/\/korvo.co\/creators-lab\/wp-content\/uploads\/2024\/11\/Frame-163020-1-1-1536x1536.png 1536w, https:\/\/korvo.co\/creators-lab\/wp-content\/uploads\/2024\/11\/Frame-163020-1-1-2048x2048.png 2048w, https:\/\/korvo.co\/creators-lab\/wp-content\/uploads\/2024\/11\/Frame-163020-1-1-80x80.png 80w\" sizes=\"(max-width: 800px) 100vw, 800px\" \/>\t\t\t\t\t\t\t\t<\/a>\n\t\t\t\t\t\t\t\t\t\t\t\t\t\t\t<\/div>\n\t\t\t\t<\/div>\n\t\t\t\t<div class=\"elementor-element elementor-element-883dd47 elementor-align-center elementor-widget elementor-widget-button\" data-id=\"883dd47\" data-element_type=\"widget\" data-e-type=\"widget\" data-widget_type=\"button.default\">\n\t\t\t\t<div class=\"elementor-widget-container\">\n\t\t\t\t\t\t\t\t\t<div class=\"elementor-button-wrapper\">\n\t\t\t\t\t<a class=\"elementor-button elementor-button-link elementor-size-sm\" href=\"https:\/\/korvo.co\/creators-lab\/ebook-icerik-pazarlamasi-tuneli\/\">\n\t\t\t\t\t\t<span class=\"elementor-button-content-wrapper\">\n\t\t\t\t\t\t\t\t\t<span class=\"elementor-button-text\">\u015e\u0130MD\u0130 G\u00d6Z AT<\/span>\n\t\t\t\t\t<\/span>\n\t\t\t\t\t<\/a>\n\t\t\t\t<\/div>\n\t\t\t\t\t\t\t\t<\/div>\n\t\t\t\t<\/div>\n\t\t\t\t<\/div>\n\t\t<div class=\"elementor-element elementor-element-c3c9ae4 e-con-full e-flex e-con e-child\" data-id=\"c3c9ae4\" data-element_type=\"container\" data-e-type=\"container\">\n\t\t\t\t<div class=\"elementor-element elementor-element-2783d35 elementor-widget elementor-widget-image\" data-id=\"2783d35\" data-element_type=\"widget\" data-e-type=\"widget\" data-widget_type=\"image.default\">\n\t\t\t\t<div class=\"elementor-widget-container\">\n\t\t\t\t\t\t\t\t\t\t\t\t\t\t\t\t<a href=\"https:\/\/korvo.co\/creators-lab\/ebook-dijital-urun-satis-rehberi\/\">\n\t\t\t\t\t\t\t<img decoding=\"async\" width=\"800\" height=\"800\" src=\"https:\/\/korvo.co\/creators-lab\/wp-content\/uploads\/2025\/10\/dijitalurunler-1024x1024.png\" class=\"attachment-large size-large wp-image-1440\" alt=\"\" srcset=\"https:\/\/korvo.co\/creators-lab\/wp-content\/uploads\/2025\/10\/dijitalurunler-1024x1024.png 1024w, https:\/\/korvo.co\/creators-lab\/wp-content\/uploads\/2025\/10\/dijitalurunler-300x300.png 300w, https:\/\/korvo.co\/creators-lab\/wp-content\/uploads\/2025\/10\/dijitalurunler-150x150.png 150w, https:\/\/korvo.co\/creators-lab\/wp-content\/uploads\/2025\/10\/dijitalurunler-768x768.png 768w, https:\/\/korvo.co\/creators-lab\/wp-content\/uploads\/2025\/10\/dijitalurunler-1536x1536.png 1536w, https:\/\/korvo.co\/creators-lab\/wp-content\/uploads\/2025\/10\/dijitalurunler-2048x2048.png 2048w, https:\/\/korvo.co\/creators-lab\/wp-content\/uploads\/2025\/10\/dijitalurunler-80x80.png 80w\" sizes=\"(max-width: 800px) 100vw, 800px\" \/>\t\t\t\t\t\t\t\t<\/a>\n\t\t\t\t\t\t\t\t\t\t\t\t\t\t\t<\/div>\n\t\t\t\t<\/div>\n\t\t\t\t<div class=\"elementor-element elementor-element-b5439ea elementor-align-center elementor-widget elementor-widget-button\" data-id=\"b5439ea\" data-element_type=\"widget\" data-e-type=\"widget\" data-widget_type=\"button.default\">\n\t\t\t\t<div class=\"elementor-widget-container\">\n\t\t\t\t\t\t\t\t\t<div class=\"elementor-button-wrapper\">\n\t\t\t\t\t<a class=\"elementor-button elementor-button-link elementor-size-sm\" href=\"https:\/\/korvo.co\/creators-lab\/ebook-dijital-urun-satis-rehberi\/\">\n\t\t\t\t\t\t<span class=\"elementor-button-content-wrapper\">\n\t\t\t\t\t\t\t\t\t<span class=\"elementor-button-text\">\u015e\u0130MD\u0130 G\u00d6Z AT<\/span>\n\t\t\t\t\t<\/span>\n\t\t\t\t\t<\/a>\n\t\t\t\t<\/div>\n\t\t\t\t\t\t\t\t<\/div>\n\t\t\t\t<\/div>\n\t\t\t\t<\/div>\n\t\t<div class=\"elementor-element elementor-element-99d2d8d e-con-full e-flex e-con e-child\" data-id=\"99d2d8d\" data-element_type=\"container\" data-e-type=\"container\">\n\t\t\t\t<div class=\"elementor-element elementor-element-1c55620 elementor-widget elementor-widget-image\" data-id=\"1c55620\" data-element_type=\"widget\" data-e-type=\"widget\" data-widget_type=\"image.default\">\n\t\t\t\t<div class=\"elementor-widget-container\">\n\t\t\t\t\t\t\t\t\t\t\t\t\t\t\t\t<a href=\"https:\/\/korvo.co\/creators-lab\/online-egitim-gelir-artirma-rehberi\">\n\t\t\t\t\t\t\t<img decoding=\"async\" width=\"800\" height=\"800\" src=\"https:\/\/korvo.co\/creators-lab\/wp-content\/uploads\/2025\/09\/oagg-1024x1024.png\" class=\"attachment-large size-large wp-image-1434\" alt=\"\" srcset=\"https:\/\/korvo.co\/creators-lab\/wp-content\/uploads\/2025\/09\/oagg-1024x1024.png 1024w, https:\/\/korvo.co\/creators-lab\/wp-content\/uploads\/2025\/09\/oagg-300x300.png 300w, https:\/\/korvo.co\/creators-lab\/wp-content\/uploads\/2025\/09\/oagg-150x150.png 150w, https:\/\/korvo.co\/creators-lab\/wp-content\/uploads\/2025\/09\/oagg-768x768.png 768w, https:\/\/korvo.co\/creators-lab\/wp-content\/uploads\/2025\/09\/oagg-1536x1536.png 1536w, https:\/\/korvo.co\/creators-lab\/wp-content\/uploads\/2025\/09\/oagg-2048x2048.png 2048w, https:\/\/korvo.co\/creators-lab\/wp-content\/uploads\/2025\/09\/oagg-80x80.png 80w\" sizes=\"(max-width: 800px) 100vw, 800px\" \/>\t\t\t\t\t\t\t\t<\/a>\n\t\t\t\t\t\t\t\t\t\t\t\t\t\t\t<\/div>\n\t\t\t\t<\/div>\n\t\t\t\t<div class=\"elementor-element elementor-element-348c6f6 elementor-align-center elementor-widget elementor-widget-button\" data-id=\"348c6f6\" data-element_type=\"widget\" data-e-type=\"widget\" data-widget_type=\"button.default\">\n\t\t\t\t<div class=\"elementor-widget-container\">\n\t\t\t\t\t\t\t\t\t<div class=\"elementor-button-wrapper\">\n\t\t\t\t\t<a class=\"elementor-button elementor-button-link elementor-size-sm\" href=\"https:\/\/korvo.co\/creators-lab\/online-egitim-gelir-artirma-rehberi\">\n\t\t\t\t\t\t<span class=\"elementor-button-content-wrapper\">\n\t\t\t\t\t\t\t\t\t<span class=\"elementor-button-text\">\u015e\u0130MD\u0130 G\u00d6Z AT<\/span>\n\t\t\t\t\t<\/span>\n\t\t\t\t\t<\/a>\n\t\t\t\t<\/div>\n\t\t\t\t\t\t\t\t<\/div>\n\t\t\t\t<\/div>\n\t\t\t\t<\/div>\n\t\t\t\t\t<\/div>\n\t\t\t\t<\/div>\n\t\t\t\t<\/div>\n\t\t","protected":false},"excerpt":{"rendered":"<p>Dijital i\u00e7erik \u00fcreticileri i\u00e7in tasarlanm\u0131\u015f \u00fccretsiz rehberleri ke\u015ffedin. <\/p>\n","protected":false},"author":4,"featured_media":0,"parent":0,"menu_order":0,"comment_status":"closed","ping_status":"closed","template":"","meta":{"_acf_changed":false,"_angie_page":false,"_wp_convertkit_post_meta":{"form":"-1","landing_page":"0","tag":"0","restrict_content":"0"},"footnotes":""},"folder":[],"class_list":["post-1014","page","type-page","status-publish","hentry"],"acf":[],"_links":{"self":[{"href":"https:\/\/korvo.co\/creators-lab\/wp-json\/wp\/v2\/pages\/1014","targetHints":{"allow":["GET"]}}],"collection":[{"href":"https:\/\/korvo.co\/creators-lab\/wp-json\/wp\/v2\/pages"}],"about":[{"href":"https:\/\/korvo.co\/creators-lab\/wp-json\/wp\/v2\/types\/page"}],"author":[{"embeddable":true,"href":"https:\/\/korvo.co\/creators-lab\/wp-json\/wp\/v2\/users\/4"}],"replies":[{"embeddable":true,"href":"https:\/\/korvo.co\/creators-lab\/wp-json\/wp\/v2\/comments?post=1014"}],"version-history":[{"count":47,"href":"https:\/\/korvo.co\/creators-lab\/wp-json\/wp\/v2\/pages\/1014\/revisions"}],"predecessor-version":[{"id":1443,"href":"https:\/\/korvo.co\/creators-lab\/wp-json\/wp\/v2\/pages\/1014\/revisions\/1443"}],"wp:attachment":[{"href":"https:\/\/korvo.co\/creators-lab\/wp-json\/wp\/v2\/media?parent=1014"}],"wp:term":[{"taxonomy":"folder","embeddable":true,"href":"https:\/\/korvo.co\/creators-lab\/wp-json\/wp\/v2\/folder?post=1014"}],"curies":[{"name":"wp","href":"https:\/\/api.w.org\/{rel}","templated":true}]}}